{"id":52,"date":"2022-01-12T19:02:52","date_gmt":"2022-01-12T19:02:52","guid":{"rendered":"http:\/\/www.musicmk.bluserwer.pl\/?page_id=52"},"modified":"2022-01-12T19:15:23","modified_gmt":"2022-01-12T19:15:23","slug":"kontakt","status":"publish","type":"page","link":"https:\/\/www.musicmk.bluserwer.pl\/?page_id=52","title":{"rendered":"Kontakt"},"content":{"rendered":"\n<p>Ka\u017cda zorganizowana przez Pa\u0144stwa impreza poprzedzona jest spotkaniem i szczeg\u00f3\u0142owym om\u00f3wieniem tego wyj\u0105tkowego wydarzenia. Do ka\u017cdego klienta podchodz\u0119 indywidualnie, a moja bogata oferta muzyczna zaspokoi najbardziej wyszukane gusta s\u0142uchaczy.<\/p>\n\n\n\n<p><\/p>\n\n\n\n<ul class=\"wp-block-list\"><li>Miros\u0142aw Ku\u015bmierek<\/li><li>miroslaw.kusmierek@gmail.com<\/li><li>tel. +48 602 777 385<\/li><\/ul>\n","protected":false},"excerpt":{"rendered":"<p> [&hellip;]<\/p>\n","protected":false},"author":1,"featured_media":0,"parent":0,"menu_order":0,"comment_status":"closed","ping_status":"closed","template":"","meta":{"footnotes":""},"class_list":["post-52","page","type-page","status-publish","hentry","clearfix"],"_links":{"self":[{"href":"https:\/\/www.musicmk.bluserwer.pl\/index.php?rest_route=\/wp\/v2\/pages\/52","targetHints":{"allow":["GET"]}}],"collection":[{"href":"https:\/\/www.musicmk.bluserwer.pl\/index.php?rest_route=\/wp\/v2\/pages"}],"about":[{"href":"https:\/\/www.musicmk.bluserwer.pl\/index.php?rest_route=\/wp\/v2\/types\/page"}],"author":[{"embeddable":true,"href":"https:\/\/www.musicmk.bluserwer.pl\/index.php?rest_route=\/wp\/v2\/users\/1"}],"replies":[{"embeddable":true,"href":"https:\/\/www.musicmk.bluserwer.pl\/index.php?rest_route=%2Fwp%2Fv2%2Fcomments&post=52"}],"version-history":[{"count":3,"href":"https:\/\/www.musicmk.bluserwer.pl\/index.php?rest_route=\/wp\/v2\/pages\/52\/revisions"}],"predecessor-version":[{"id":62,"href":"https:\/\/www.musicmk.bluserwer.pl\/index.php?rest_route=\/wp\/v2\/pages\/52\/revisions\/62"}],"wp:attachment":[{"href":"https:\/\/www.musicmk.bluserwer.pl\/index.php?rest_route=%2Fwp%2Fv2%2Fmedia&parent=52"}],"curies":[{"name":"wp","href":"https:\/\/api.w.org\/{rel}","templated":true}]}}